{"id":613,"date":"2025-04-19T07:44:16","date_gmt":"2025-04-19T07:44:16","guid":{"rendered":"https:\/\/www.architempo.net\/innovation\/?page_id=613"},"modified":"2025-06-04T06:17:08","modified_gmt":"2025-06-04T06:17:08","slug":"nantes-france","status":"publish","type":"page","link":"https:\/\/www.architempo.net\/innovation\/dialogues\/p-r-e\/nantes-france\/","title":{"rendered":"Nantes, France"},"content":{"rendered":"\n<p><strong><em>Wednesday 4th of June at 16:00 &#8211; 17.30 pm CEST,<\/em><\/strong> in the context of the Cumulus conference Working Groups. Ecole de Design Room 4C22 &#8211; Link for remote on-line attendance is on the conference website.<\/p>\n\n\n\n<h1 class=\"wp-block-heading\"><strong><em><mark style=\"background-color:rgba(0, 0, 0, 0);color:#2001f7\" class=\"has-inline-color\">P-R-E- AI Digital Culture<\/mark><\/em><\/strong><\/h1>\n\n\n\n<p>The Cumulus+IxDA partnership \u2013 with institutions and organizations from different parts of the world \u2013 creates diversified and constructed spaces for conversations building on the synergy of education and research expertise, brought by Cumulusians, along with the practitioners\u2019 perspectives brought by IxDA and its local partners.<\/p>\n\n\n\n<p>End 2022 saw a shift in Digital Culture with the Cult of AI.<br>How are we bending the corners as practitioners, as researchers, as educators ?&nbsp;<br>The P-R-E- series encourages focused conversations on identifying critical elements that further capacity building for designers, at different stages of their careers, from studies to professional practice to lifelong learning.&nbsp;The Nantes P-R-E- meeting will allow to craft what could be or should be at stake for \u201ccritical thinking\u201d for any stakeholder. Let\u2019s bend design? Let\u2019s bend AI?<\/p>\n\n\n\n<div class=\"wp-block-group is-layout-constrained wp-block-group-is-layout-constrained\">\n<p><strong><em>Moderation:<\/em><\/strong> <\/p>\n\n\n\n<ul class=\"wp-block-list\">\n<li>Dr. Fr\u00e9d\u00e9rique Krupa, DIGITAL&nbsp;Design Lab Director, Ecole de Design Nantes-Atlantique; IIP AI &amp; Acceptability Co-founder <\/li>\n\n\n\n<li>Alok b. Nandi, Architempo Director; IxDA Brussels Local Leader; IxDA Global Past President<\/li>\n<\/ul>\n<\/div>\n\n\n\n<p><strong><em>Contributions: <\/em><\/strong><\/p>\n\n\n\n<p><strong>_ Giuseppe Attoma Pepe<\/strong> &#8211; Born in Genoa, Italy, in 1957 &#8211; studied Communication and Social Sciences at the University of Bologna (DAMS) and Architecture at the University of Genoa. He later earned a Master\u2019s degree in Sustainable Innovation by Design from ENSCI\u2013Les Ateliers in Paris, France.<br>After moving to Paris, he became a pioneer in Service Design, Information Design, and User Experience Design in France. Through his agency, Attoma, he has addressed complex challenges in mobility, urban infrastructure, the energy transition, and the manufacturing and IT sectors. With over 25 years of international design experience, he now works as a Strategic Design Consultant, leading missions that span the design, structuring, and evaluation of complex service systems. A regular speaker and published author, Giuseppe also curates attomalab.eu, a blog exploring design culture and emerging trends.<\/p>\n\n\n\n<p>_ <strong>Mie Miyamoto<\/strong> is a Professor at the School of Design, Tokyo University of Technology.<br>Her academic background includes a Bachelor of Fine Arts and a PhD in Fine Arts from Tokyo University of the Arts, as well as an AA Diploma from the Architectural Association School of Architecture in London. Her research focuses on the co-creation of space through workshops, and she has conducted more than 100 workshops in various countries, including Japan, the UK, and Germany. She places particular emphasis on integrating these workshop activities with education, research, and professional practice.<\/p>\n\n\n\n<p>_ <strong>Lucrezia Russo<\/strong> is a designer, educator, and researcher whose work lies at the intersection of design, pedagogy, and critical inquiry. With over twenty years of experience in graphic design, she has served as Chair of the Communication Design department at Paris College of Art since 2015, where she also teaches.<br>She holds an MA in Graphic Design (IED Milan), an MFA in Transdisciplinary New Media (Paris College of Art), and a Mast\u00e8re Sp\u00e9cialis\u00e9 in Innovation by Design (ENSCI \u2013 Les Ateliers). Her research focuses on educational innovation in higher education, with a particular interest in the potential of design as a driver of social and pedagogical change.<\/p>\n\n\n\n<p>_ <strong>Hanny Wijaya<\/strong> is a PhD Researcher at Kunstuniversit\u00e4t Linz, Austria. She has been awarded honorary titles as the Distinguished Professor from Hubei Institute of Fine Arts, China as a recognition of her achievement in research. As a Central European Director of CEIDA (China Europe International Design Culture Association), she is also involved in many art and design projects both in academic and professional fields. Working actively on many collaborative and interdisciplinary projects, she intertwines mostly with contemporary art, design, and culture. Hanny has also published books and articles in international journals and proceedings while balancing her literature works with practice-based outcomes and exhibitions. Her artworks have been exhibited worldwide, including Austria, Singapore, Japan, South Korea, China, Thailand, Indonesia, etc.<\/p>\n\n\n\n<p>_ <strong>Zhiqian Yang<\/strong> is a lecturer at School of Innovation, Hubei Institute of Fine Arts, China. She is a content creator who combines art and technology. In the current phase of her practice, she explores the process of mutual intervention between individuals and algorithmic mimesis, to focus on the human companionship in the context of interconnected networks. Dynamic images and comprehensive material installations are used for characterisation. Her works have been selected for the Internationale Handwerksmesse in Munich and the Uncut project of Stedelijk Museum Amsterdam. She was also nominated as outstanding female photographer at the Jimei x Arles International Photo Festival. In addition, she extends her artistic creation experience to curatorial practice.<\/p>\n\n\n\n<p>~~~~~~~~<\/p>\n\n\n\n<p>_ <strong>Dr. Fr\u00e9d\u00e9rique Krupa<\/strong> is the director of the Digital Design Lab at l\u2019\u00e9cole de design Nantes Atlantique and the Digital Ethics Track Chair at Cumulus Nantes. She is a UX designer and researcher&nbsp;with over 25&nbsp;years of experience working for distinguished companies like&nbsp;Virtools, Dassault Systemes and Simple Is Beautiful.&nbsp;&nbsp;In parallel to her design career, Dr. Krupa has been a&nbsp;professor&nbsp;at Parsons School of Design, RISD, UofArts, and Parsons Paris\/Paris College of Art, where she founded and chaired the Masters (MA &amp; MFA) in Transdisciplinary New Media. She completed her Doctorate in Design at Universit\u00e9 Paris1 Pantheon Sorbonne, followed by an action-research postdoc in peer-to-peer ICT pedagogy at the experimental computer science school 42, specializing in machine learning algorithms. Her current research focuses on establishing MLUX methods, a holistic, transdisciplinary and systemic approach to create ethical and responsible machine learning data, algorithms and predictive models. She is co-founder of the Platform for Interdisciplinary Innovation (P2I)&nbsp;on AI &amp; Acceptability and co-directed two PhDs on designing artificial intelligence&nbsp;for professional settings.<\/p>\n\n\n\n<p><strong>_ Alok b. Nandi <\/strong>is busy with innovation, strategy and entrepreneurship, powered by narrative and design tools.&nbsp;His professional experiences cover a range of entrepreneurial activities (intrapreneurship, spin-off, creative industries) and advisory roles, including brand\/advertising and communication (P&amp;G \u2013 Procter &amp; Gamble, EC pan-europeans campaigns), film production, exhibition design and new media in publishing (Casterman \u2013 publisher of a.o. Tintin, groupe Flammarion).&nbsp;He is dealing with storytelling in multiple media, space and technologies, from high-tech interactive installations to low-tech mise-en-sc\u00e8ne.&nbsp;Speaker at international conferences and events (incl. PechaKucha Tokyo, TEDx Flanders, IxDA, Cumulus, WDO, SDN). Invited lecturer in multiple institutions, Alok Nandi is professor of innovation &amp; design at Institut Lyfe, hospitality-culinary school in Lyon, co-founded by chef Paul Bocuse, 3* Michelin. He has founded PechaKucha Brussels, and he co-initiated the P-R-E- series, Practitioners meeting Researchers meeting Educators, organised by Cumulus Association and IxDA.&nbsp;More via&nbsp;<a class=\"\" href=\"http:\/\/www.nandi.mobi\/\">www.nandi.mobi<\/a>&nbsp;&#8211;<\/p>\n\n\n\n<p><\/p>\n\n\n\n<p><strong><em>The <a href=\"https:\/\/www.architempo.net\/innovation\/dialogues\/p-r-e\/\">P-R-E- series<\/a> was initiated in 2018, in Lyon, at the Interaction18 conference, by Eija Salmi, Alok b. Nandi and Fr\u00e9d\u00e9ric Degouzon, connected to the Digital Culture Working Group at Cumulus.<\/em><\/strong><\/p>\n","protected":false},"excerpt":{"rendered":"<p>Wednesday 4th of June at 16:00 &#8211; 17.30 pm CEST, in the context of the Cumulus conference Working Groups. Ecole de Design Room 4C22 &#8211; Link for remote on-line attendance is on the conference website. P-R-E- AI Digital Culture The &hellip;<\/p>\n<p class=\"read-more\"> <a class=\"more-link\" href=\"https:\/\/www.architempo.net\/innovation\/dialogues\/p-r-e\/nantes-france\/\"> <span class=\"screen-reader-text\">Nantes, France<\/span> Read More &raquo;<\/a><\/p>\n","protected":false},"author":2,"featured_media":0,"parent":185,"menu_order":0,"comment_status":"closed","ping_status":"closed","template":"","meta":{"footnotes":""},"class_list":["post-613","page","type-page","status-publish","hentry"],"_links":{"self":[{"href":"https:\/\/www.architempo.net\/innovation\/wp-json\/wp\/v2\/pages\/613","targetHints":{"allow":["GET"]}}],"collection":[{"href":"https:\/\/www.architempo.net\/innovation\/wp-json\/wp\/v2\/pages"}],"about":[{"href":"https:\/\/www.architempo.net\/innovation\/wp-json\/wp\/v2\/types\/page"}],"author":[{"embeddable":true,"href":"https:\/\/www.architempo.net\/innovation\/wp-json\/wp\/v2\/users\/2"}],"replies":[{"embeddable":true,"href":"https:\/\/www.architempo.net\/innovation\/wp-json\/wp\/v2\/comments?post=613"}],"version-history":[{"count":19,"href":"https:\/\/www.architempo.net\/innovation\/wp-json\/wp\/v2\/pages\/613\/revisions"}],"predecessor-version":[{"id":667,"href":"https:\/\/www.architempo.net\/innovation\/wp-json\/wp\/v2\/pages\/613\/revisions\/667"}],"up":[{"embeddable":true,"href":"https:\/\/www.architempo.net\/innovation\/wp-json\/wp\/v2\/pages\/185"}],"wp:attachment":[{"href":"https:\/\/www.architempo.net\/innovation\/wp-json\/wp\/v2\/media?parent=613"}],"curies":[{"name":"wp","href":"https:\/\/api.w.org\/{rel}","templated":true}]}}