{"id":543,"date":"2023-07-22T06:53:02","date_gmt":"2023-07-22T06:53:02","guid":{"rendered":"https:\/\/www.architempo.net\/innovation\/?page_id=543"},"modified":"2023-07-22T06:53:02","modified_gmt":"2023-07-22T06:53:02","slug":"cite-du-design-2023","status":"publish","type":"page","link":"https:\/\/www.architempo.net\/innovation\/design\/workshops\/cite-du-design-2023\/","title":{"rendered":"Cit\u00e9 du design 2023"},"content":{"rendered":"\n<h1 class=\"wp-block-heading\">La d\u00e9marche ViA : Visions-Interactions-Amplifications&nbsp;<\/h1>\n\n\n\n<h2 class=\"wp-block-heading\">2,5 journ\u00e9es d&#8217;atelier-formation pour propulser de nouvelles pistes d&#8217;innovation dans votre organisation gr\u00e2ce au design strat\u00e9gique<\/h2>\n\n\n\n<h3 class=\"wp-block-heading\" id=\"0\">Pourquoi suivre cette formation ?<\/h3>\n\n\n\n<blockquote class=\"wp-block-quote is-layout-flow wp-block-quote-is-layout-flow\">\n<p>Cette formation est l&#8217;occasion de prendre du recul sur son activit\u00e9, sortir du cadre habituel pour se questionner avec un regard diff\u00e9rent. Extr\u00eamement instructif. Gaspard Moine,\u00a0<a rel=\"noreferrer noopener\" href=\"https:\/\/www.imaago.fr\/\" target=\"_blank\">Imaago<\/a><\/p>\n<\/blockquote>\n\n\n\n<p><em><strong>\u00ab Amplifier par le design, dessiner les chemins d\u2019actions \u00bb<\/strong><br><\/em><br>En tant que chef d\u2019entreprise, leader, entrepreneur ou intrapreneur, vous \u00eates amen\u00e9 \u00e0 revoir et affiner vos strat\u00e9gies d\u2019entreprise dans un contexte volatil, incertain, complexe, ambigu. Le design strat\u00e9gique vous permettra d\u2019identifier les directions optimales. La formation continue ViA vous donnera les outils pour affiner vos d\u00e9cisions :<\/p>\n\n\n\n<p>\u2013 un programme ax\u00e9 sur la pratique ;<br>\u2013 des perspectives et des probl\u00e9matiques organisationnelles ;<br>\u2013 un contenu ancr\u00e9 dans la r\u00e9alit\u00e9 du terrain, directement applicable au quotidien ;<br>\u2013 des \u00e9changes riches permettant de produire des sc\u00e9narios innovants.<\/p>\n\n\n\n<h3 class=\"wp-block-heading\" id=\"1\">Organisation<\/h3>\n\n\n\n<p>Le programme s\u2019\u00e9tend sur 2 jours et demi.<br>Vous \u00e9voluerez dans un groupe compos\u00e9 de 8 \u00e0 12 apprenants. 2 jours en pr\u00e9sentiel afin de faciliter les \u00e9changes et les dynamiques de groupe, et 0,5 jour \u00e0 distance permettant de pr\u00e9parer et conclure la formation.<br><br>Les<strong>\u00a0modules\u00a0<\/strong>de la d\u00e9marche ViA\u00a0permettent de d\u00e9plier les composantes de tout projet entrepreneurial ou de transformation. On articule la d\u00e9marche ViA\u00a0en travaillant sous trois angles, sachant que les processus sont it\u00e9ratifs et adapt\u00e9s au projet :\u00a0<strong>Observations \/ Opportunit\u00e9s \/ Op\u00e9rations.<\/strong><br>\u00a0<br>Lors des journ\u00e9es en pr\u00e9sentiel, les participants alternent travail individuel et\/ou en \u00e9quipe et temps d&#8217;apprentissage avec le formateur. \u00c0 l&#8217;issue de la formation vous serez en capacit\u00e9 de reposer une strat\u00e9gie avec\u00a0des sc\u00e9narios en r\u00e9sonance avec votre mission et les valeurs qui vous animent.<\/p>\n\n\n\n<h3 class=\"wp-block-heading\" id=\"2\">Programme<\/h3>\n\n\n\n<p>Pr\u00e9paration et cadrage : module 0 \u2013 vendredi 2 juin<\/p>\n\n\n\n<p><em>A distance, 2 heures<br><\/em><br>Dans ce temps d\u00e9di\u00e9 \u00e0 la pr\u00e9paration de votre challenge, le formateur vous offre de recadrer votre parcours d\u2019innovation et positionner les questions \u00e0 travers \u00e0 travers une d\u00e9marche de design (usages, sc\u00e9narios, cr\u00e9ativit\u00e9).<br>Observations : modules 1 et 2 \u2013 matin \u2013 mardi 6 juin 2023<\/p>\n\n\n\n<p><em>En pr\u00e9sentiel<br><\/em><br>\u2022 cartographies des terrains d\u2019action et des parties prenantes<br>\u2022 caract\u00e9risation des protagonistes et des temporalit\u00e9s<br>\u2022 connexions, corr\u00e9lations, causalit\u00e9s.<br><br>La question centrale :&nbsp;&nbsp;<em>\u201cWhat is at stake ?\u201d \u2013 quels sont les enjeux ?<\/em><br>Opportunit\u00e9s : modules 3 et 4 \u2013 apr\u00e8s-midi et matin\u00e9e suivante<\/p>\n\n\n\n<p><em>En pr\u00e9sentiel<br><\/em><br>\u2022 design du radar de concepts<br>\u2022 mise en \u0153uvre de sc\u00e9narios d\u2019usages<br>\u2022 validation par prototypes.<br><br>Les questions que l\u2019on travaille sont&nbsp;<em>\u201cWhat if ? How might we ?\u201d \u2013 Et si on envisageait tel cas ?<\/em><br>Op\u00e9rations : modules 5 et 6 \u2013 apr\u00e8s-midi \u2013 mercredi 7 juin 2023<\/p>\n\n\n\n<p><em>En pr\u00e9sentiel<br><\/em><br>\u2022 entrepreneurial et organisationnel<br>\u2022 portfolio produits-services-plateformes<br>\u2022 communication, marketing, strat\u00e9gie digitale, outils e-commerce et m\u00e9dias sociaux.<br><br>Le projet explore les modalit\u00e9s de mise en \u0153uvre :&nbsp;<em>\u201cHow can we ?\u201d \u2013 Comment r\u00e9alise-t-on ?<\/em><br>Defriefing : module 7 \u2013 vendredi 16 juin 2023<\/p>\n\n\n\n<p><em>\u00c0 distance<br><\/em><br>Lors de cette session de 2 heures, seront pos\u00e9s les jalons pour la suite et avec le formateur, vous tracerez la feuille de route de votre projet.<\/p>\n\n\n\n<h3 class=\"wp-block-heading\" id=\"3\">Pour qui est fait ce programme ?<\/h3>\n\n\n\n<p>La d\u00e9marche ViA est destin\u00e9e aux chefs d\u2019entreprise ou d\u2019unit\u00e9 business,\u00a0<strong>aux entrepreneurs ou intrapreneurs,<\/strong>\u00a0qui souhaitent provoquer de la disruption dans leur mani\u00e8re de faire, qui souhaitent se doter d\u2019outils pour aborder l\u2019innovation de mani\u00e8re synth\u00e9tique et op\u00e9rationnelle, synchronisant les sensibilit\u00e9s des utilisateurs avec les requis du business.<br><br>Ce programme, propos\u00e9 en fran\u00e7ais, vise \u00e0 enrichir les capacit\u00e9s de leadership avec le Design (avec grand D) et \u00e0 l\u2019appliquer \u00e0 son entreprise\/march\u00e9\/situation unique.<\/p>\n\n\n\n<h3 class=\"wp-block-heading\" id=\"4\">Le formateur<\/h3>\n\n\n\n<p><a rel=\"noreferrer noopener\" href=\"https:\/\/www.aloknandi.net\/\" target=\"_blank\">Alok Nandi<\/a>, designer et directeur de cr\u00e9ation, entrepreneur en r\u00e9sidence, d\u00e9veloppe un programme en constante \u00e9volution pour coller \u00e0 la r\u00e9alit\u00e9 du terrain, depuis plus de 15 ans.<br>\u00a0<br>Ses exp\u00e9riences incluent la publicit\u00e9\/marketing (P&amp;G &#8211; Procter &amp; Gamble), la production de films, le design d\u2019expositions et les \u00ab nouveaux m\u00e9dias \u00bb en \u00e9dition (\u00c9ditions Casterman, groupe Flammarion), le design de dispositifs en VR\/AR ainsi que l\u2019organisation d\u2019\u00e9v\u00e9nements et l\u2019entrepreneuriat.<br>\u00a0<br>Les versions initiales des modules ViA ont \u00e9t\u00e9 test\u00e9es en Belgique, Espagne, France, Inde, au Portugal et au Japon.<\/p>\n\n\n\n<h3 class=\"wp-block-heading\" id=\"5\">Inscription et renseignements<\/h3>\n\n\n\n<p><strong>Public<\/strong><br>Chefs d\u2019entreprise, responsables de d\u00e9partement ou d\u2019unit\u00e9 business, entrepreneurs ou\u00a0<em>intrapreneurs<\/em>, co-fondateurs de start-up\u2026 La formation s\u2019adresse tant aux professionnels des entreprises qu\u2019\u00e0 des participants du secteur public souhaitant impulser un leadership nouveau.<br><br><strong>Co\u00fbts<br><\/strong>1800\u20ac pour 20 heures de formation<br>soit 2,5 jours de formation :\u00a0<br>2 jours sur place \u00e0 Saint-\u00c9tienne ou en intra-entreprise et une demi-journ\u00e9e \u00e0 distance (visio Zoom)<br><br><strong>Contact<\/strong><br><a href=\"mailto:laurent.vacheresse@citedudesign.com\">laurent.vacheresse@citedudesign.com<\/a><br>06 27 83 22 54<\/p>\n\n\n\n<figure class=\"wp-block-image size-large\"><img loading=\"lazy\" decoding=\"async\" width=\"1024\" height=\"256\" src=\"https:\/\/www.architempo.net\/innovation\/wp-content\/uploads\/2023\/07\/site_63fcb1ea1e002-1024x256.png\" alt=\"\" class=\"wp-image-544\" srcset=\"https:\/\/www.architempo.net\/innovation\/wp-content\/uploads\/2023\/07\/site_63fcb1ea1e002-1024x256.png 1024w, https:\/\/www.architempo.net\/innovation\/wp-content\/uploads\/2023\/07\/site_63fcb1ea1e002-300x75.png 300w, https:\/\/www.architempo.net\/innovation\/wp-content\/uploads\/2023\/07\/site_63fcb1ea1e002-768x192.png 768w, https:\/\/www.architempo.net\/innovation\/wp-content\/uploads\/2023\/07\/site_63fcb1ea1e002-100x25.png 100w, https:\/\/www.architempo.net\/innovation\/wp-content\/uploads\/2023\/07\/site_63fcb1ea1e002-150x38.png 150w, https:\/\/www.architempo.net\/innovation\/wp-content\/uploads\/2023\/07\/site_63fcb1ea1e002-200x50.png 200w, https:\/\/www.architempo.net\/innovation\/wp-content\/uploads\/2023\/07\/site_63fcb1ea1e002-450x113.png 450w, https:\/\/www.architempo.net\/innovation\/wp-content\/uploads\/2023\/07\/site_63fcb1ea1e002-600x150.png 600w, https:\/\/www.architempo.net\/innovation\/wp-content\/uploads\/2023\/07\/site_63fcb1ea1e002-900x225.png 900w, https:\/\/www.architempo.net\/innovation\/wp-content\/uploads\/2023\/07\/site_63fcb1ea1e002.png 1280w\" sizes=\"auto, (max-width: 1024px) 100vw, 1024px\" \/><\/figure>\n","protected":false},"excerpt":{"rendered":"<p>La d\u00e9marche ViA : Visions-Interactions-Amplifications&nbsp; 2,5 journ\u00e9es d&#8217;atelier-formation pour propulser de nouvelles pistes d&#8217;innovation dans votre organisation gr\u00e2ce au design strat\u00e9gique Pourquoi suivre cette formation ? Cette formation est l&#8217;occasion de prendre du recul sur son activit\u00e9, sortir du cadre &hellip;<\/p>\n<p class=\"read-more\"> <a class=\"more-link\" href=\"https:\/\/www.architempo.net\/innovation\/design\/workshops\/cite-du-design-2023\/\"> <span class=\"screen-reader-text\">Cit\u00e9 du design 2023<\/span> Read More &raquo;<\/a><\/p>\n","protected":false},"author":2,"featured_media":0,"parent":492,"menu_order":0,"comment_status":"closed","ping_status":"closed","template":"","meta":{"footnotes":""},"class_list":["post-543","page","type-page","status-publish","hentry"],"_links":{"self":[{"href":"https:\/\/www.architempo.net\/innovation\/wp-json\/wp\/v2\/pages\/543","targetHints":{"allow":["GET"]}}],"collection":[{"href":"https:\/\/www.architempo.net\/innovation\/wp-json\/wp\/v2\/pages"}],"about":[{"href":"https:\/\/www.architempo.net\/innovation\/wp-json\/wp\/v2\/types\/page"}],"author":[{"embeddable":true,"href":"https:\/\/www.architempo.net\/innovation\/wp-json\/wp\/v2\/users\/2"}],"replies":[{"embeddable":true,"href":"https:\/\/www.architempo.net\/innovation\/wp-json\/wp\/v2\/comments?post=543"}],"version-history":[{"count":1,"href":"https:\/\/www.architempo.net\/innovation\/wp-json\/wp\/v2\/pages\/543\/revisions"}],"predecessor-version":[{"id":545,"href":"https:\/\/www.architempo.net\/innovation\/wp-json\/wp\/v2\/pages\/543\/revisions\/545"}],"up":[{"embeddable":true,"href":"https:\/\/www.architempo.net\/innovation\/wp-json\/wp\/v2\/pages\/492"}],"wp:attachment":[{"href":"https:\/\/www.architempo.net\/innovation\/wp-json\/wp\/v2\/media?parent=543"}],"curies":[{"name":"wp","href":"https:\/\/api.w.org\/{rel}","templated":true}]}}