{"id":539,"date":"2023-07-21T13:17:08","date_gmt":"2023-07-21T13:17:08","guid":{"rendered":"https:\/\/www.architempo.net\/innovation\/?page_id=539"},"modified":"2023-07-21T13:18:40","modified_gmt":"2023-07-21T13:18:40","slug":"cite-du-design-2022","status":"publish","type":"page","link":"https:\/\/www.architempo.net\/innovation\/design\/workshops\/cite-du-design-2022\/","title":{"rendered":"Cit\u00e9 du design 2022"},"content":{"rendered":"\n<h1 class=\"wp-block-heading\">La d\u00e9marche ViA : Visions-Interactions-Amplifications<\/h1>\n\n\n\n<h2 class=\"wp-block-heading\">4 journ\u00e9es d&#8217;atelier-formation pour propulser de nouvelles pistes d&#8217;innovation dans votre entreprise gr\u00e2ce au design strat\u00e9gique<\/h2>\n\n\n\n<p><\/p>\n\n\n\n<h3 class=\"wp-block-heading\" id=\"0\">Pourquoi suivre cette formation ?<\/h3>\n\n\n\n<p><em>&#8220;Amplifier par le design, dessiner les chemins d\u2019actions&#8221;<br><\/em><br>En tant que chef d\u2019entreprise, leader, entrepreneur ou intrapreneur, vous \u00eates amen\u00e9 \u00e0 revoir et affiner vos strat\u00e9gies d\u2019entreprise dans un contexte volatil, incertain, complexe, ambigu. Le design strat\u00e9gique vous permettra d\u2019identifier les directions optimales et la formation continue ViA vous donnera les outils pour affiner vos d\u00e9cisions.<br><br>\u2013 Un programme p\u00e9dagogique ax\u00e9 sur la pratique<br>\u2013 Des perspectives et des probl\u00e9matiques d\u2019entreprise<br>\u2013 Un contenu ancr\u00e9 dans la r\u00e9alit\u00e9, directement applicable au quotidien<br>\u2013 Des \u00e9changes riches avec des participants aux enjeux et probl\u00e9matiques connexes<\/p>\n\n\n\n<h3 class=\"wp-block-heading\" id=\"1\">Organisation<\/h3>\n\n\n\n<p>Le programme s\u2019\u00e9tale sur 8 semaines.<br><br>Vous \u00e9voluerez dans un groupe compos\u00e9 de 8 \u00e0 12 apprenants. En moyenne, la charge de travail personnel est de 5h\/semaine en incluant les sessions d\u2019exercices individuels et collectifs.<br><br>Les<strong>&nbsp;7 modules<\/strong>&nbsp;de la&nbsp;D\u00e9marche ViA&nbsp;permettent de d\u00e9plier les composantes de tout projet entrepreneurial ou de transformation. On articule la&nbsp;D\u00e9marche ViA&nbsp;en&nbsp; travaillant sous trois angles, sachant que les processus sont it\u00e9ratifs et adapt\u00e9s au projet :&nbsp;<strong>Observation \/ Opportunit\u00e9 \/ Op\u00e9ration<\/strong><br><br>Chaque phase d\u00e9bute par une session de formation au cours de laquelle 2 \u00e0 3 modules sont abord\u00e9s. Suite \u00e0 cette session, les participants travaillent en individuel et\/ou en \u00e9quipe, en ligne ou en face \u00e0 face.<\/p>\n\n\n\n<p><\/p>\n\n\n\n<h3 class=\"wp-block-heading\" id=\"2\">Programme<\/h3>\n\n\n\n<p><em><strong>Observations : modules 1 et 2 \u2013 1 jour \u2013 17 mai 2022<\/strong><\/em><\/p>\n\n\n\n<p>En pr\u00e9sentiel, \u00e0 Saint-\u00c9tienne : d\u00e9velopper de multiples narrations et visualisations des enjeux.<br><br>\u2022 cartographies des terrains d\u2019action et des parties prenantes<br>\u2022 caract\u00e9risation des protagonistes et des temporalit\u00e9s<br>\u2022 connexions, corr\u00e9lations, causalit\u00e9s<br><br>La question centrale :\u00a0\u00a0<em>\u201cWhat is at stake ?\u201d \u2013 quels sont les enjeux ?<\/em><\/p>\n\n\n\n<p><br><em><strong>Opportunit\u00e9s : modules 3 et 4 \u2013 2 demi-journ\u00e9es \u2013 1 et 20 juin 2022<\/strong><\/em><\/p>\n\n\n\n<p>Modules op\u00e9r\u00e9s \u00e0 distance : identifier les actions possibles.<br><br>\u2022 design du radar de concepts<br>\u2022 mise en oeuvre de sc\u00e9narios d\u2019usages<br>\u2022 validation par prototypes<br><br>Les questions que l\u2019on travaille sont\u00a0<em>\u201cWhat if ? How might we ?\u201d \u2013 Et si on envisageait tel cas ?<\/em><\/p>\n\n\n\n<p><br><em><strong>Op\u00e9rations : modules 5, 6, 7 \u2013 2 jours \u2013 5 et 19 juillet 2022<\/strong><\/em><\/p>\n\n\n\n<p>En pr\u00e9sentiel, \u00e0 Saint-\u00c9tienne : mettre en place les sc\u00e9narios et les feuilles de route.<br><br>\u2022 entrepreneurial et organisationnel<br>\u2022 portfolio produits-services-plateformes<br>\u2022 communication, marketing, strat\u00e9gie digitale, outils e-commerce et m\u00e9dias sociaux<br><br>Le projet explore les modalit\u00e9s de mise en \u0153uvre :&nbsp;<em>\u201cHow can we ?\u201d \u2013 Comment r\u00e9alise-t-on ?<\/em><\/p>\n\n\n\n<h3 class=\"wp-block-heading\" id=\"3\">Pour qui est fait ce programme ?<\/h3>\n\n\n\n<p>La D\u00e9marche ViA est destin\u00e9e aux chefs d\u2019entreprise ou d\u2019unit\u00e9 business,&nbsp;<strong>aux entrepreneurs ou intrapreneurs,<\/strong>&nbsp;qui souhaitent provoquer de la disruption dans leur mani\u00e8re de faire, qui souhaitent se doter d\u2019outils pour aborder l\u2019innovation de mani\u00e8re synth\u00e9tique et op\u00e9rationnelle, synchronisant les sensibilit\u00e9s des utilisateurs avec les requis du business.<br><br>Ce programme vise \u00e0 enrichir les capacit\u00e9s de leadership avec le Design (avec grand D) et \u00e0 l\u2019appliquer \u00e0 son entreprise\/march\u00e9\/situation unique.<\/p>\n\n\n\n<h3 class=\"wp-block-heading\" id=\"4\">Le formateur<\/h3>\n\n\n\n<p><a href=\"https:\/\/www.aloknandi.net\/\" target=\"_blank\" rel=\"noreferrer noopener\">Alok Nandi<\/a>, designer et directeur de cr\u00e9ation, entrepreneur en r\u00e9sidence, d\u00e9veloppe un programme en constante \u00e9volution pour coller \u00e0 la r\u00e9alit\u00e9 du terrain, depuis plus de 15 ans.<br>&nbsp;<br>Ses exp\u00e9riences incluent la publicit\u00e9\/marketing (P&amp;G &#8211; Procter &amp; Gamble),la production de films, le design d\u2019expositions et les \u201cnouveaux m\u00e9dia\u201d en \u00e9dition (Editions Casterman, groupe Flammarion), le design de dispositifs en VR\/AR ainsi que l\u2019organisation d\u2019\u00e9v\u00e9nements et l\u2019entrepreneuriat.<br>&nbsp;<br>Les versions initiales des modules ViA ont \u00e9t\u00e9 test\u00e9es en Belgique, Portugal, Espagne, France, au Japon et en Inde.<\/p>\n","protected":false},"excerpt":{"rendered":"<p>La d\u00e9marche ViA : Visions-Interactions-Amplifications 4 journ\u00e9es d&#8217;atelier-formation pour propulser de nouvelles pistes d&#8217;innovation dans votre entreprise gr\u00e2ce au design strat\u00e9gique Pourquoi suivre cette formation ? &#8220;Amplifier par le design, dessiner les chemins d\u2019actions&#8221;En tant que chef d\u2019entreprise, leader, entrepreneur &hellip;<\/p>\n<p class=\"read-more\"> <a class=\"more-link\" href=\"https:\/\/www.architempo.net\/innovation\/design\/workshops\/cite-du-design-2022\/\"> <span class=\"screen-reader-text\">Cit\u00e9 du design 2022<\/span> Read More &raquo;<\/a><\/p>\n","protected":false},"author":2,"featured_media":0,"parent":492,"menu_order":0,"comment_status":"closed","ping_status":"closed","template":"","meta":{"footnotes":""},"class_list":["post-539","page","type-page","status-publish","hentry"],"_links":{"self":[{"href":"https:\/\/www.architempo.net\/innovation\/wp-json\/wp\/v2\/pages\/539","targetHints":{"allow":["GET"]}}],"collection":[{"href":"https:\/\/www.architempo.net\/innovation\/wp-json\/wp\/v2\/pages"}],"about":[{"href":"https:\/\/www.architempo.net\/innovation\/wp-json\/wp\/v2\/types\/page"}],"author":[{"embeddable":true,"href":"https:\/\/www.architempo.net\/innovation\/wp-json\/wp\/v2\/users\/2"}],"replies":[{"embeddable":true,"href":"https:\/\/www.architempo.net\/innovation\/wp-json\/wp\/v2\/comments?post=539"}],"version-history":[{"count":2,"href":"https:\/\/www.architempo.net\/innovation\/wp-json\/wp\/v2\/pages\/539\/revisions"}],"predecessor-version":[{"id":541,"href":"https:\/\/www.architempo.net\/innovation\/wp-json\/wp\/v2\/pages\/539\/revisions\/541"}],"up":[{"embeddable":true,"href":"https:\/\/www.architempo.net\/innovation\/wp-json\/wp\/v2\/pages\/492"}],"wp:attachment":[{"href":"https:\/\/www.architempo.net\/innovation\/wp-json\/wp\/v2\/media?parent=539"}],"curies":[{"name":"wp","href":"https:\/\/api.w.org\/{rel}","templated":true}]}}