{"id":517,"date":"2023-07-18T06:37:10","date_gmt":"2023-07-18T06:37:10","guid":{"rendered":"https:\/\/www.architempo.net\/innovation\/?page_id=517"},"modified":"2023-07-18T12:48:29","modified_gmt":"2023-07-18T12:48:29","slug":"wbdm-2023","status":"publish","type":"page","link":"https:\/\/www.architempo.net\/innovation\/design\/workshops\/wbdm-2023\/","title":{"rendered":"WBDM-2023"},"content":{"rendered":"\n<p><em>This series of workshops are taking place in French language.<\/em><\/p>\n\n\n\n<p>WBDM propose une nouvelle s\u00e9rie de workshops avec des experts permettant \u00e0 des groupes de maximum 8 cr\u00e9ateurs et\/ou professionnels des secteurs de la mode et du design de revoir ou parfaire leur strat\u00e9gie globale et\/ou digitale avec un focus sur le d\u00e9veloppement international. L\u2019objectif de ces workshops est d\u2019accompagner de fa\u00e7on personnalis\u00e9e les participants dans un contexte collaboratif et d\u2019\u00e9changes entre professionnels de leur secteur.<\/p>\n\n\n\n<ul class=\"wp-block-list\">\n<li>Ces derni\u00e8res ann\u00e9es difficiles ont boulevers\u00e9 votre activit\u00e9 ?<\/li>\n\n\n\n<li>Vous avez besoin d\u2019aide pour revoir la strat\u00e9gie de votre projet de mani\u00e8re globale ?<\/li>\n\n\n\n<li>Quels mod\u00e8les alternatifs de business plan pourraient \u00eatre envisag\u00e9s \u00e0 court, moyen et long terme ?<\/li>\n\n\n\n<li>Vous voudriez am\u00e9liorer le volet digital de votre activit\u00e9 ? Vous vous posez des questions de fond sur l\u2019importance que le digital a pris ces derni\u00e8res ann\u00e9es ?<\/li>\n\n\n\n<li>Vous sentez le besoin de partager votre exp\u00e9rience avec d\u2019autres professionnels afin de trouver des r\u00e9ponses \u00e0 vos doutes ?<\/li>\n<\/ul>\n\n\n\n<p><strong>Workshops en strat\u00e9gie \u00e0 l\u2019exportation \u2013 plan d\u2019actions<\/strong><\/p>\n\n\n\n<p><strong>Pour qui ?<\/strong> Pour des designers et g\u00e9rants de projets de design et\/ou de mode qui (re)mettent en place une strat\u00e9gie de d\u00e9veloppement en dehors de la Belgique.<\/p>\n\n\n\n<p><strong>Quoi ?<\/strong> En m\u00e9langeant des designers et des entreprises de mode et de design, ces workshops permettront l\u2019accompagnement dans une r\u00e9flexion en profondeur de leur strat\u00e9gie globale \u00e0 l\u2019export. Ils privil\u00e9gieront une approche collaborative et participative, centr\u00e9e sur le projet entrepreneurial de chaque designer\/entreprise, tout en restant pragmatique et orient\u00e9e action. Au terme de ces 3 sessions, les participants seront dot\u00e9s d\u2019outils d\u2019aide \u00e0 la d\u00e9cision pour \u00e9laborer strat\u00e9gies, narrations et plans d\u2019action.<\/p>\n\n\n\n<p><strong>Quand ?<\/strong> Les 12, 18 et 22 septembre 2023, de 10h00 \u00e0 16h30.<\/p>\n\n\n\n<p><strong>D\u00e9lai<\/strong> &#8211; 16.08.2023 \u00e0 minuit pour les ateliers de septembre. Info et inscription via <a rel=\"noreferrer noopener\" href=\"https:\/\/www.wbdm.be\/fr\/actualites\/appel-a-candidatures-workshops-strategie-globale-strategie-digitale-a-linternational-pour-le-secteur-de-la-mode\/\" target=\"_blank\">WBDM<\/a>.<\/p>\n\n\n\n<p>Cette s\u00e9rie d\u2019ateliers est mise en place gr\u00e2ce au \u201c<a href=\"https:\/\/www.wbdm.be\/fr\/actualites\/plan-de-relance-des-acteurs-culturels\/\">Plan de relance des acteurs culturels de la<\/a> F\u00e9d\u00e9ration Wallonie-Bruxelles&nbsp;via leur diffusion internationale\u201d octroy\u00e9e de mani\u00e8re exceptionnelle \u00e0 WBDM \u00e0 travers&nbsp;<a href=\"https:\/\/www.wbi.be\/\">Wallonie-Bruxelles Internationale<\/a>&nbsp;(WBI).<\/p>\n\n\n\n<figure class=\"wp-block-image aligncenter size-full is-resized\"><img loading=\"lazy\" decoding=\"async\" src=\"https:\/\/www.architempo.net\/innovation\/wp-content\/uploads\/2023\/07\/AtTc-1024x512-At.png\" alt=\"\" class=\"wp-image-498\" width=\"512\" height=\"256\" srcset=\"https:\/\/www.architempo.net\/innovation\/wp-content\/uploads\/2023\/07\/AtTc-1024x512-At.png 1024w, https:\/\/www.architempo.net\/innovation\/wp-content\/uploads\/2023\/07\/AtTc-1024x512-At-300x150.png 300w, https:\/\/www.architempo.net\/innovation\/wp-content\/uploads\/2023\/07\/AtTc-1024x512-At-768x384.png 768w, https:\/\/www.architempo.net\/innovation\/wp-content\/uploads\/2023\/07\/AtTc-1024x512-At-100x50.png 100w, https:\/\/www.architempo.net\/innovation\/wp-content\/uploads\/2023\/07\/AtTc-1024x512-At-150x75.png 150w, https:\/\/www.architempo.net\/innovation\/wp-content\/uploads\/2023\/07\/AtTc-1024x512-At-200x100.png 200w, https:\/\/www.architempo.net\/innovation\/wp-content\/uploads\/2023\/07\/AtTc-1024x512-At-450x225.png 450w, https:\/\/www.architempo.net\/innovation\/wp-content\/uploads\/2023\/07\/AtTc-1024x512-At-600x300.png 600w, https:\/\/www.architempo.net\/innovation\/wp-content\/uploads\/2023\/07\/AtTc-1024x512-At-900x450.png 900w\" sizes=\"auto, (max-width: 512px) 100vw, 512px\" \/><\/figure>\n","protected":false},"excerpt":{"rendered":"<p>This series of workshops are taking place in French language. WBDM propose une nouvelle s\u00e9rie de workshops avec des experts permettant \u00e0 des groupes de maximum 8 cr\u00e9ateurs et\/ou professionnels des secteurs de la mode et du design de revoir &hellip;<\/p>\n<p class=\"read-more\"> <a class=\"more-link\" href=\"https:\/\/www.architempo.net\/innovation\/design\/workshops\/wbdm-2023\/\"> <span class=\"screen-reader-text\">WBDM-2023<\/span> Read More &raquo;<\/a><\/p>\n","protected":false},"author":2,"featured_media":0,"parent":492,"menu_order":0,"comment_status":"closed","ping_status":"closed","template":"","meta":{"footnotes":""},"class_list":["post-517","page","type-page","status-publish","hentry"],"_links":{"self":[{"href":"https:\/\/www.architempo.net\/innovation\/wp-json\/wp\/v2\/pages\/517","targetHints":{"allow":["GET"]}}],"collection":[{"href":"https:\/\/www.architempo.net\/innovation\/wp-json\/wp\/v2\/pages"}],"about":[{"href":"https:\/\/www.architempo.net\/innovation\/wp-json\/wp\/v2\/types\/page"}],"author":[{"embeddable":true,"href":"https:\/\/www.architempo.net\/innovation\/wp-json\/wp\/v2\/users\/2"}],"replies":[{"embeddable":true,"href":"https:\/\/www.architempo.net\/innovation\/wp-json\/wp\/v2\/comments?post=517"}],"version-history":[{"count":8,"href":"https:\/\/www.architempo.net\/innovation\/wp-json\/wp\/v2\/pages\/517\/revisions"}],"predecessor-version":[{"id":536,"href":"https:\/\/www.architempo.net\/innovation\/wp-json\/wp\/v2\/pages\/517\/revisions\/536"}],"up":[{"embeddable":true,"href":"https:\/\/www.architempo.net\/innovation\/wp-json\/wp\/v2\/pages\/492"}],"wp:attachment":[{"href":"https:\/\/www.architempo.net\/innovation\/wp-json\/wp\/v2\/media?parent=517"}],"curies":[{"name":"wp","href":"https:\/\/api.w.org\/{rel}","templated":true}]}}